{"id":1042,"date":"2024-07-24T10:10:40","date_gmt":"2024-07-24T14:10:40","guid":{"rendered":"https:\/\/censusroadmap.org\/?page_id=1042"},"modified":"2024-08-07T09:36:07","modified_gmt":"2024-08-07T13:36:07","slug":"census-book-club","status":"publish","type":"page","link":"https:\/\/censusroadmap.org\/es\/census-book-club\/","title":{"rendered":"Club de lectura del censo"},"content":{"rendered":"<p><div class=\"fusion-fullwidth fullwidth-box fusion-builder-row-1 fusion-flex-container has-pattern-background has-mask-background nonhundred-percent-fullwidth non-hundred-percent-height-scrolling\" style=\"--awb-border-radius-top-left:0px;--awb-border-radius-top-right:0px;--awb-border-radius-bottom-right:0px;--awb-border-radius-bottom-left:0px;--awb-flex-wrap:wrap;\" ><div class=\"fusion-builder-row fusion-row fusion-flex-align-items-flex-start fusion-flex-content-wrap\" style=\"max-width:1248px;margin-left: calc(-4% \/ 2 );margin-right: calc(-4% \/ 2 );\"><div class=\"fusion-layout-column fusion_builder_column fusion-builder-column-0 fusion_builder_column_2_3 2_3 fusion-flex-column\" style=\"--awb-bg-size:cover;--awb-width-large:66.6666666667%;--awb-margin-top-large:0px;--awb-spacing-right-large:2.88%;--awb-margin-bottom-large:20px;--awb-spacing-left-large:2.88%;--awb-width-medium:66.6666666667%;--awb-order-medium:0;--awb-spacing-right-medium:2.88%;--awb-spacing-left-medium:2.88%;--awb-width-small:100%;--awb-order-small:0;--awb-spacing-right-small:1.92%;--awb-spacing-left-small:1.92%;\"><div class=\"fusion-column-wrapper fusion-column-has-shadow fusion-flex-justify-content-flex-start fusion-content-layout-column\"><div class=\"fusion-menu-anchor\" id=\"syllabus\"><\/div><div class=\"fusion-image-element\" style=\"--awb-margin-bottom:3%;--awb-caption-title-font-family:var(--h2_typography-font-family);--awb-caption-title-font-weight:var(--h2_typography-font-weight);--awb-caption-title-font-style:var(--h2_typography-font-style);--awb-caption-title-size:var(--h2_typography-font-size);--awb-caption-title-transform:var(--h2_typography-text-transform);--awb-caption-title-line-height:var(--h2_typography-line-height);--awb-caption-title-letter-spacing:var(--h2_typography-letter-spacing);\"><span class=\"fusion-imageframe imageframe-none imageframe-1 hover-type-none\"><img decoding=\"async\" width=\"1024\" height=\"307\" title=\"Club de lectura del censo (2)\" src=\"https:\/\/censusroadmap.org\/wp-content\/uploads\/2024\/08\/Census-Book-Club-2.png\" data-orig-src=\"https:\/\/censusroadmap.org\/wp-content\/uploads\/2024\/08\/Census-Book-Club-2-1024x307.png\" alt class=\"lazyload img-responsive wp-image-1075\" srcset=\"data:image\/svg+xml,%3Csvg%20xmlns%3D%27http%3A%2F%2Fwww.w3.org%2F2000%2Fsvg%27%20width%3D%273500%27%20height%3D%271050%27%20viewBox%3D%270%200%203500%201050%27%3E%3Crect%20width%3D%273500%27%20height%3D%271050%27%20fill-opacity%3D%220%22%2F%3E%3C%2Fsvg%3E\" data-srcset=\"https:\/\/censusroadmap.org\/wp-content\/uploads\/2024\/08\/Census-Book-Club-2-200x60.png 200w, https:\/\/censusroadmap.org\/wp-content\/uploads\/2024\/08\/Census-Book-Club-2-400x120.png 400w, https:\/\/censusroadmap.org\/wp-content\/uploads\/2024\/08\/Census-Book-Club-2-600x180.png 600w, https:\/\/censusroadmap.org\/wp-content\/uploads\/2024\/08\/Census-Book-Club-2-800x240.png 800w, https:\/\/censusroadmap.org\/wp-content\/uploads\/2024\/08\/Census-Book-Club-2-1200x360.png 1200w\" data-sizes=\"auto\" data-orig-sizes=\"(max-width: 640px) 100vw, 800px\" \/><\/span><\/div><div class=\"fusion-title title fusion-title-1 fusion-sep-none fusion-title-text fusion-title-size-two\" style=\"--awb-text-color:var(--awb-color5);--awb-margin-top-small:10px;--awb-margin-right-small:0px;--awb-margin-bottom-small:10px;--awb-margin-left-small:0px;--awb-font-size:35px;\"><h2 class=\"fusion-title-heading title-heading-left\" style=\"margin:0;letter-spacing:-1px;font-size:1em;\">Pr\u00f3xima selecci\u00f3n del club de lectura<\/h2><\/div><div class=\"fusion-title title fusion-title-2 fusion-sep-none fusion-title-text fusion-title-size-two\" style=\"--awb-text-color:var(--awb-color5);--awb-margin-top-small:10px;--awb-margin-right-small:0px;--awb-margin-bottom-small:10px;--awb-margin-left-small:0px;--awb-font-size:35px;\"><h2 class=\"fusion-title-heading title-heading-left\" style=\"margin:0;letter-spacing:-1px;font-size:1em;\">Selecciones anteriores del club de lectura<\/h2><\/div><div class=\"fusion-events-shortcode fusion-events-shortcode-2\" style=\"margin-left: -20px;margin-right: -20px;\"><div class=\"fusion-events-wrapper\" data-pages=\"1\"><div class=\"fusion-events-post fusion-spacing-no fusion-one-half fusion-layout-column\" style=\"padding:20px\"><div class=\"fusion-column-wrapper\"><div class=\"fusion-events-thumbnail hover-type-none\"><a href=\"https:\/\/censusroadmap.org\/es\/event\/census-book-club-the-american-census\/\" class=\"url\" rel=\"bookmark\" aria-label=\"Club de lectura del censo: el censo estadounidense\"><img decoding=\"async\" width=\"1200\" height=\"630\" src=\"https:\/\/censusroadmap.org\/wp-content\/uploads\/2024\/07\/24945498._UY630_SR1200630_.jpg\" class=\"attachment-full size-full lazyload wp-post-image\" alt=\"\" srcset=\"data:image\/svg+xml,%3Csvg%20xmlns%3D%27http%3A%2F%2Fwww.w3.org%2F2000%2Fsvg%27%20width%3D%271200%27%20height%3D%27630%27%20viewBox%3D%270%200%201200%20630%27%3E%3Crect%20width%3D%271200%27%20height%3D%27630%27%20fill-opacity%3D%220%22%2F%3E%3C%2Fsvg%3E\" data-orig-src=\"https:\/\/censusroadmap.org\/wp-content\/uploads\/2024\/07\/24945498._UY630_SR1200630_.jpg\" data-srcset=\"https:\/\/censusroadmap.org\/wp-content\/uploads\/2024\/07\/24945498._UY630_SR1200630_-200x105.jpg 200w, https:\/\/censusroadmap.org\/wp-content\/uploads\/2024\/07\/24945498._UY630_SR1200630_-400x210.jpg 400w, https:\/\/censusroadmap.org\/wp-content\/uploads\/2024\/07\/24945498._UY630_SR1200630_-600x315.jpg 600w, https:\/\/censusroadmap.org\/wp-content\/uploads\/2024\/07\/24945498._UY630_SR1200630_-800x420.jpg 800w, https:\/\/censusroadmap.org\/wp-content\/uploads\/2024\/07\/24945498._UY630_SR1200630_.jpg 1200w\" data-sizes=\"auto\" \/><\/a><\/div><div class=\"fusion-events-content-wrapper\" style=\"padding:20px 20px 20px 20px;\"><div class=\"fusion-events-meta\"><h2><a href=\"https:\/\/censusroadmap.org\/es\/event\/census-book-club-the-american-census\/\" class=\"url\" rel=\"bookmark\">Club de lectura del censo: el censo estadounidense<\/a><\/h2><h4><span class=\"tribe-event-date-start\">24 de enero de 2024 a las 16:00<\/span> - <span class=\"tribe-event-time\">5:00 pm<\/span> <span class='timezone'> est <\/span><\/h4><\/div><div class=\"fusion-events-content\"><p><span style=\"font-weight: 400;\">La Conferencia de Liderazgo se complace en anunciar que estamos lanzando nuestra pr\u00f3xima entrega del <\/span><b>Club de lectura del censo<\/b><span style=\"font-weight: 400;\">! El club de lectura presenta una serie de libros para profundizar nuestra comprensi\u00f3n del censo y sus impactos. Los miembros del club de lectura leer\u00e1n un libro aproximadamente cada trimestre y se reunir\u00e1n como...<\/span><\/p>\n<\/div><\/div><\/div><\/div><div class=\"fusion-events-post fusion-spacing-no fusion-one-half fusion-layout-column fusion-column-last\" style=\"padding:20px\"><div class=\"fusion-column-wrapper\"><div class=\"fusion-events-thumbnail hover-type-none\"><a href=\"https:\/\/censusroadmap.org\/es\/event\/census-book-club-democracys-data\/\" class=\"url\" rel=\"bookmark\" aria-label=\"Club de lectura del censo: datos de la democracia\"><img decoding=\"async\" width=\"1881\" height=\"1881\" src=\"https:\/\/censusroadmap.org\/wp-content\/uploads\/2024\/07\/DemocracysData_fancy_mockup.jpg\" class=\"attachment-full size-full lazyload wp-post-image\" alt=\"\" srcset=\"data:image\/svg+xml,%3Csvg%20xmlns%3D%27http%3A%2F%2Fwww.w3.org%2F2000%2Fsvg%27%20width%3D%271881%27%20height%3D%271881%27%20viewBox%3D%270%200%201881%201881%27%3E%3Crect%20width%3D%271881%27%20height%3D%271881%27%20fill-opacity%3D%220%22%2F%3E%3C%2Fsvg%3E\" data-orig-src=\"https:\/\/censusroadmap.org\/wp-content\/uploads\/2024\/07\/DemocracysData_fancy_mockup.jpg\" data-srcset=\"https:\/\/censusroadmap.org\/wp-content\/uploads\/2024\/07\/DemocracysData_fancy_mockup-200x200.jpg 200w, https:\/\/censusroadmap.org\/wp-content\/uploads\/2024\/07\/DemocracysData_fancy_mockup-400x400.jpg 400w, https:\/\/censusroadmap.org\/wp-content\/uploads\/2024\/07\/DemocracysData_fancy_mockup-600x600.jpg 600w, https:\/\/censusroadmap.org\/wp-content\/uploads\/2024\/07\/DemocracysData_fancy_mockup-800x800.jpg 800w, https:\/\/censusroadmap.org\/wp-content\/uploads\/2024\/07\/DemocracysData_fancy_mockup-1200x1200.jpg 1200w, https:\/\/censusroadmap.org\/wp-content\/uploads\/2024\/07\/DemocracysData_fancy_mockup.jpg 1881w\" data-sizes=\"auto\" \/><\/a><\/div><div class=\"fusion-events-content-wrapper\" style=\"padding:20px 20px 20px 20px;\"><div class=\"fusion-events-meta\"><h2><a href=\"https:\/\/censusroadmap.org\/es\/event\/census-book-club-democracys-data\/\" class=\"url\" rel=\"bookmark\">Club de lectura del censo: datos de la democracia<\/a><\/h2><h4><span class=\"tribe-event-date-start\">28 de septiembre de 2023 a las 2:00 p.m.<\/span> - <span class=\"tribe-event-time\">3:00 pm<\/span> <span class='timezone'> EDT <\/span><\/h4><\/div><div class=\"fusion-events-content\"><p><span style=\"font-weight: 400;\">La Conferencia de Liderazgo se complace en anunciar que estamos lanzando una <\/span><b>Club de lectura del censo<\/b><span style=\"font-weight: 400;\">! El club de lectura contar\u00e1 con una serie de libros para profundizar nuestra comprensi\u00f3n del censo y sus impactos. Los miembros del club de lectura leer\u00e1n un libro cada trimestre y se reunir\u00e1n en grupo para participar en...<\/span><\/p>\n<\/div><\/div><\/div><\/div><div class=\"fusion-clearfix\"><\/div><div class=\"fusion-events-post fusion-spacing-no fusion-one-half fusion-layout-column\" style=\"padding:20px\"><div class=\"fusion-column-wrapper\"><div class=\"fusion-events-thumbnail hover-type-none\"><a href=\"https:\/\/censusroadmap.org\/es\/event\/census-book-club-making-hispanic\/\" class=\"url\" rel=\"bookmark\" aria-label=\"Club de lectura del censo: Hacer hispano\"><img decoding=\"async\" width=\"296\" height=\"445\" src=\"https:\/\/censusroadmap.org\/wp-content\/uploads\/2024\/07\/31-Q3kWLbL._SY445_SX342_.jpg\" class=\"attachment-full size-full lazyload wp-post-image\" alt=\"\" srcset=\"data:image\/svg+xml,%3Csvg%20xmlns%3D%27http%3A%2F%2Fwww.w3.org%2F2000%2Fsvg%27%20width%3D%27296%27%20height%3D%27445%27%20viewBox%3D%270%200%20296%20445%27%3E%3Crect%20width%3D%27296%27%20height%3D%27445%27%20fill-opacity%3D%220%22%2F%3E%3C%2Fsvg%3E\" data-orig-src=\"https:\/\/censusroadmap.org\/wp-content\/uploads\/2024\/07\/31-Q3kWLbL._SY445_SX342_.jpg\" data-srcset=\"https:\/\/censusroadmap.org\/wp-content\/uploads\/2024\/07\/31-Q3kWLbL._SY445_SX342_-200x301.jpg 200w, https:\/\/censusroadmap.org\/wp-content\/uploads\/2024\/07\/31-Q3kWLbL._SY445_SX342_.jpg 296w\" data-sizes=\"auto\" \/><\/a><\/div><div class=\"fusion-events-content-wrapper\" style=\"padding:20px 20px 20px 20px;\"><div class=\"fusion-events-meta\"><h2><a href=\"https:\/\/censusroadmap.org\/es\/event\/census-book-club-making-hispanic\/\" class=\"url\" rel=\"bookmark\">Club de lectura del censo: Hacer hispano<\/a><\/h2><h4><span class=\"tribe-event-date-start\">4 de abril de 2023 a las 13:00 h<\/span> - <span class=\"tribe-event-time\">2:00 pm<\/span> <span class='timezone'> EDT <\/span><\/h4><\/div><div class=\"fusion-events-content\"><p><span style=\"font-weight: 400;\">La Conferencia de Liderazgo se complace en anunciar que estamos lanzando la pr\u00f3xima ronda de la <\/span><b>Club de lectura del censo<\/b><span style=\"font-weight: 400;\">! El club de lectura contar\u00e1 con una serie de libros para profundizar nuestra comprensi\u00f3n del censo y sus impactos. Los miembros del club de lectura leer\u00e1n un libro cada trimestre y se reunir\u00e1n como...<\/span><\/p>\n<\/div><\/div><\/div><\/div><div class=\"fusion-events-post fusion-spacing-no fusion-one-half fusion-layout-column fusion-column-last\" style=\"padding:20px\"><div class=\"fusion-column-wrapper\"><div class=\"fusion-events-thumbnail hover-type-none\"><a href=\"https:\/\/censusroadmap.org\/es\/event\/census-book-club-the-limits-of-whiteness\/\" class=\"url\" rel=\"bookmark\" aria-label=\"Club de lectura del censo: Los l\u00edmites de la blancura\"><img decoding=\"async\" width=\"624\" height=\"814\" src=\"https:\/\/censusroadmap.org\/wp-content\/uploads\/2024\/07\/best-book-cover-designs-2017-the-limits-of-whiteness-neda-maghbouleh.jpg\" class=\"attachment-full size-full lazyload wp-post-image\" alt=\"\" srcset=\"data:image\/svg+xml,%3Csvg%20xmlns%3D%27http%3A%2F%2Fwww.w3.org%2F2000%2Fsvg%27%20width%3D%27624%27%20height%3D%27814%27%20viewBox%3D%270%200%20624%20814%27%3E%3Crect%20width%3D%27624%27%20height%3D%27814%27%20fill-opacity%3D%220%22%2F%3E%3C%2Fsvg%3E\" data-orig-src=\"https:\/\/censusroadmap.org\/wp-content\/uploads\/2024\/07\/best-book-cover-designs-2017-the-limits-of-whiteness-neda-maghbouleh.jpg\" data-srcset=\"https:\/\/censusroadmap.org\/wp-content\/uploads\/2024\/07\/best-book-cover-designs-2017-the-limits-of-whiteness-neda-maghbouleh-200x261.jpg 200w, https:\/\/censusroadmap.org\/wp-content\/uploads\/2024\/07\/best-book-cover-designs-2017-the-limits-of-whiteness-neda-maghbouleh-400x522.jpg 400w, https:\/\/censusroadmap.org\/wp-content\/uploads\/2024\/07\/best-book-cover-designs-2017-the-limits-of-whiteness-neda-maghbouleh-600x783.jpg 600w, https:\/\/censusroadmap.org\/wp-content\/uploads\/2024\/07\/best-book-cover-designs-2017-the-limits-of-whiteness-neda-maghbouleh.jpg 624w\" data-sizes=\"auto\" \/><\/a><\/div><div class=\"fusion-events-content-wrapper\" style=\"padding:20px 20px 20px 20px;\"><div class=\"fusion-events-meta\"><h2><a href=\"https:\/\/censusroadmap.org\/es\/event\/census-book-club-the-limits-of-whiteness\/\" class=\"url\" rel=\"bookmark\">Club de lectura del censo: Los l\u00edmites de la blancura<\/a><\/h2><h4><span class=\"tribe-event-date-start\">24 de enero de 2023 a las 4:00 p.m.<\/span> - <span class=\"tribe-event-time\">5:00 pm<\/span> <span class='timezone'> est <\/span><\/h4><\/div><div class=\"fusion-events-content\"><p><span style=\"font-weight: 400;\">La Conferencia de Liderazgo se complace en anunciar que estamos lanzando la segunda ronda de la <\/span><b>Club de lectura del censo<\/b><span style=\"font-weight: 400;\">! El club de lectura contar\u00e1 con una serie de libros para profundizar nuestra comprensi\u00f3n del censo y sus impactos. Los miembros del club de lectura leer\u00e1n un libro cada trimestre y se reunir\u00e1n como...<\/span><\/p>\n<\/div><\/div><\/div><\/div><div class=\"fusion-clearfix\"><\/div><div class=\"fusion-clearfix\"><\/div><\/div><\/div><\/div><\/div><div class=\"fusion-layout-column fusion_builder_column fusion-builder-column-1 fusion_builder_column_1_3 1_3 fusion-flex-column bluesidebar\" style=\"--awb-padding-top:40px;--awb-padding-right:30px;--awb-padding-left:40px;--awb-overflow:hidden;--awb-bg-color:var(--awb-color4);--awb-bg-color-hover:var(--awb-color4);--awb-bg-size:cover;--awb-box-shadow:0px 20px 32px 0px hsla(var(--awb-color2-h),var(--awb-color2-s),calc( var(--awb-color2-l) - 89% ),calc( var(--awb-color2-a) - 87% ));;--awb-border-radius:60px 12px 60px 12px;--awb-width-large:33.3333333333%;--awb-margin-top-large:0px;--awb-spacing-right-large:5.76%;--awb-margin-bottom-large:20px;--awb-spacing-left-large:5.76%;--awb-width-medium:33.3333333333%;--awb-order-medium:0;--awb-spacing-right-medium:5.76%;--awb-spacing-left-medium:5.76%;--awb-width-small:100%;--awb-order-small:0;--awb-spacing-right-small:1.92%;--awb-spacing-left-small:1.92%;\" data-scroll-devices=\"small-visibility,medium-visibility,large-visibility\"><div class=\"fusion-column-wrapper fusion-column-has-shadow fusion-flex-justify-content-flex-start fusion-content-layout-column\"><div class=\"fusion-title title fusion-title-3 fusion-sep-none fusion-title-center fusion-title-text fusion-title-size-three\" style=\"--awb-text-color:var(--awb-color5);--awb-margin-top:25px;--awb-margin-bottom:0px;--awb-margin-top-small:10px;--awb-margin-right-small:0px;--awb-margin-bottom-small:10px;--awb-margin-left-small:0px;\"><h3 class=\"fusion-title-heading title-heading-center\" style=\"margin:0;letter-spacing:-1px;\">Reg\u00edstrese para nuestro pr\u00f3ximo evento del club de lectura del censo<\/h3><\/div><div class=\"fusion-separator fusion-full-width-sep\" style=\"align-self: center;margin-left: auto;margin-right: auto;margin-top:3%;margin-bottom:6%;width:100%;\"><div class=\"fusion-separator-border sep-single sep-dotted\" style=\"--awb-height:20px;--awb-amount:20px;--awb-sep-color:var(--awb-color5);border-color:var(--awb-color5);border-top-width:3px;\"><\/div><\/div><\/div><\/div><\/div><\/div><div class=\"fusion-fullwidth fullwidth-box fusion-builder-row-2 fusion-flex-container nonhundred-percent-fullwidth non-hundred-percent-height-scrolling\" style=\"--awb-border-radius-top-left:0px;--awb-border-radius-top-right:0px;--awb-border-radius-bottom-right:0px;--awb-border-radius-bottom-left:0px;--awb-padding-top:6%;--awb-padding-bottom:6%;--awb-flex-wrap:wrap;\" ><div class=\"fusion-builder-row fusion-row fusion-flex-align-items-center fusion-flex-content-wrap\" style=\"max-width:1248px;margin-left: calc(-4% \/ 2 );margin-right: calc(-4% \/ 2 );\"><div class=\"fusion-layout-column fusion_builder_column fusion-builder-column-2 fusion_builder_column_1_2 1_2 fusion-flex-column fusion-flex-align-self-flex-start\" style=\"--awb-padding-right:77px;--awb-bg-size:cover;--awb-width-large:50%;--awb-margin-top-large:0px;--awb-spacing-right-large:3.84%;--awb-margin-bottom-large:20px;--awb-spacing-left-large:3.84%;--awb-width-medium:50%;--awb-order-medium:0;--awb-spacing-right-medium:3.84%;--awb-spacing-left-medium:3.84%;--awb-width-small:100%;--awb-order-small:0;--awb-spacing-right-small:1.92%;--awb-spacing-left-small:1.92%;\" data-scroll-devices=\"small-visibility,medium-visibility,large-visibility\"><div class=\"fusion-column-wrapper fusion-column-has-shadow fusion-flex-justify-content-flex-start fusion-content-layout-column\"><div class=\"fusion-title title fusion-title-4 fusion-sep-none fusion-title-text fusion-title-size-two\" style=\"--awb-margin-top-small:10px;--awb-margin-right-small:0px;--awb-margin-bottom-small:10px;--awb-margin-left-small:0px;--awb-font-size:35px;\"><h2 class=\"fusion-title-heading title-heading-left\" style=\"margin:0;letter-spacing:-1px;font-size:1em;\">Recursos<\/h2><\/div><div class=\"fusion-image-element\" style=\"--awb-margin-top:5px;--awb-margin-bottom:20px;--awb-max-width:70px;--awb-caption-title-font-family:var(--h2_typography-font-family);--awb-caption-title-font-weight:var(--h2_typography-font-weight);--awb-caption-title-font-style:var(--h2_typography-font-style);--awb-caption-title-size:var(--h2_typography-font-size);--awb-caption-title-transform:var(--h2_typography-text-transform);--awb-caption-title-line-height:var(--h2_typography-line-height);--awb-caption-title-letter-spacing:var(--h2_typography-letter-spacing);\"><span class=\"fusion-imageframe imageframe-none imageframe-2 hover-type-none\"><img decoding=\"async\" width=\"141\" height=\"30\" alt=\"slant-separator\" title=\"Separador\" src=\"data:image\/svg+xml,%3Csvg%20xmlns%3D%27http%3A%2F%2Fwww.w3.org%2F2000%2Fsvg%27%20width%3D%27141%27%20height%3D%2730%27%20viewBox%3D%270%200%20141%2030%27%3E%3Crect%20width%3D%27141%27%20height%3D%2730%27%20fill-opacity%3D%220%22%2F%3E%3C%2Fsvg%3E\" data-orig-src=\"https:\/\/roadmapcensus.wpengine.com\/wp-content\/uploads\/2020\/08\/slant-separator.png\" class=\"lazyload img-responsive wp-image-124\"\/><\/span><\/div><div ><a class=\"fusion-button button-flat button-medium button-default fusion-button-default button-1 fusion-button-default-span fusion-button-default-type\" style=\"--button_margin-top:2.5%;--button_margin-bottom:2.5%;\" target=\"_blank\" rel=\"noopener noreferrer\" href=\"https:\/\/censuscounts.org\/resources\/library\/\"><i class=\"fa-book-reader fas awb-button__icon awb-button__icon--default button-icon-left\" aria-hidden=\"true\"><\/i><span class=\"fusion-button-text awb-button__text awb-button__text--default\">Biblioteca completa de recuentos del censo<\/span><\/a><\/div><div ><a class=\"fusion-button button-flat button-medium button-default fusion-button-default button-2 fusion-button-default-span fusion-button-default-type\" style=\"--button_margin-top:2.5%;--button_margin-bottom:2.5%;\" target=\"_blank\" rel=\"noopener noreferrer\" href=\"https:\/\/censusroadmap.org\/wp-content\/uploads\/2024\/03\/Roadmap-to-the-2030-Census_Updated_2403.pdf\"><i class=\"fa-map-marked-alt fas awb-button__icon awb-button__icon--default button-icon-left\" aria-hidden=\"true\"><\/i><span class=\"fusion-button-text awb-button__text awb-button__text--default\">Descargar la hoja de ruta en PDF (ingl\u00e9s)<\/span><\/a><\/div><div ><a class=\"fusion-button button-flat button-medium button-default fusion-button-default button-3 fusion-button-default-span fusion-button-default-type\" style=\"--button_margin-top:2.5%;--button_margin-bottom:2.5%;\" target=\"_blank\" rel=\"noopener noreferrer\" href=\"\/wp-content\/uploads\/2023\/09\/Mapa-hacia-el-Censo-del-2030.pdf\"><i class=\"fa-map-marked-alt fas awb-button__icon awb-button__icon--default button-icon-left\" aria-hidden=\"true\"><\/i><span class=\"fusion-button-text awb-button__text awb-button__text--default\">Descargar Hoja de Ruta PDF (Espa\u00f1ol)<\/span><\/a><\/div><\/div><\/div><div class=\"fusion-layout-column fusion_builder_column fusion-builder-column-3 fusion_builder_column_1_2 1_2 fusion-flex-column\" style=\"--awb-padding-right:77px;--awb-bg-size:cover;--awb-width-large:50%;--awb-margin-top-large:0px;--awb-spacing-right-large:3.84%;--awb-margin-bottom-large:20px;--awb-spacing-left-large:3.84%;--awb-width-medium:50%;--awb-order-medium:0;--awb-spacing-right-medium:3.84%;--awb-spacing-left-medium:3.84%;--awb-width-small:100%;--awb-order-small:0;--awb-spacing-right-small:1.92%;--awb-spacing-left-small:1.92%;\"><div class=\"fusion-column-wrapper fusion-column-has-shadow fusion-flex-justify-content-flex-start fusion-content-layout-column\"><div class=\"fusion-title title fusion-title-5 fusion-sep-none fusion-title-text fusion-title-size-two\" style=\"--awb-margin-top-small:10px;--awb-margin-right-small:0px;--awb-margin-bottom-small:10px;--awb-margin-left-small:0px;--awb-font-size:35px;\"><h2 class=\"fusion-title-heading title-heading-left\" style=\"margin:0;letter-spacing:-1px;font-size:1em;\">Tomar acci\u00f3n<\/h2><\/div><div class=\"fusion-image-element\" style=\"--awb-margin-top:5px;--awb-margin-bottom:20px;--awb-max-width:70px;--awb-caption-title-font-family:var(--h2_typography-font-family);--awb-caption-title-font-weight:var(--h2_typography-font-weight);--awb-caption-title-font-style:var(--h2_typography-font-style);--awb-caption-title-size:var(--h2_typography-font-size);--awb-caption-title-transform:var(--h2_typography-text-transform);--awb-caption-title-line-height:var(--h2_typography-line-height);--awb-caption-title-letter-spacing:var(--h2_typography-letter-spacing);\"><span class=\"fusion-imageframe imageframe-none imageframe-3 hover-type-none\"><img decoding=\"async\" width=\"141\" height=\"30\" alt=\"slant-separator\" title=\"Separador\" src=\"data:image\/svg+xml,%3Csvg%20xmlns%3D%27http%3A%2F%2Fwww.w3.org%2F2000%2Fsvg%27%20width%3D%27141%27%20height%3D%2730%27%20viewBox%3D%270%200%20141%2030%27%3E%3Crect%20width%3D%27141%27%20height%3D%2730%27%20fill-opacity%3D%220%22%2F%3E%3C%2Fsvg%3E\" data-orig-src=\"https:\/\/roadmapcensus.wpengine.com\/wp-content\/uploads\/2020\/08\/slant-separator.png\" class=\"lazyload img-responsive wp-image-124\"\/><\/span><\/div><div class=\"fusion-text fusion-text-1\"><p>\u00danase al servidor de listas de States Count Action Network para recibir boletines informativos trimestrales, actualizaciones de pol\u00edticas, invitaciones a eventos y oportunidades de acci\u00f3n para defender y prepararse para el Censo 2030.<\/p>\n<\/div><div ><a class=\"fusion-button button-flat button-large button-default fusion-button-default button-4 fusion-button-default-span fusion-button-default-type\" style=\"--button_margin-top:2.5%;--button_margin-bottom:2.5%;\" target=\"_blank\" rel=\"noopener noreferrer\" href=\"https:\/\/docs.google.com\/forms\/d\/e\/1FAIpQLSe_BMwhjkVre-pwUam0w0RfF1brzN1ujdHNDU-KJLsUokNnTA\/viewform\"><i class=\"fa-edit fas awb-button__icon awb-button__icon--default button-icon-left\" aria-hidden=\"true\"><\/i><span class=\"fusion-button-text awb-button__text awb-button__text--default\">Reg\u00edstrate ahora<\/span><\/a><\/div><\/div><\/div><\/div><\/div><\/p>","protected":false},"excerpt":{"rendered":"","protected":false},"author":3,"featured_media":0,"parent":0,"menu_order":0,"comment_status":"closed","ping_status":"closed","template":"100-width.php","meta":{"footnotes":""},"class_list":["post-1042","page","type-page","status-publish","hentry","cat_census-book-club","cat_past-census-book-club"],"_links":{"self":[{"href":"https:\/\/censusroadmap.org\/es\/wp-json\/wp\/v2\/pages\/1042","targetHints":{"allow":["GET"]}}],"collection":[{"href":"https:\/\/censusroadmap.org\/es\/wp-json\/wp\/v2\/pages"}],"about":[{"href":"https:\/\/censusroadmap.org\/es\/wp-json\/wp\/v2\/types\/page"}],"author":[{"embeddable":true,"href":"https:\/\/censusroadmap.org\/es\/wp-json\/wp\/v2\/users\/3"}],"replies":[{"embeddable":true,"href":"https:\/\/censusroadmap.org\/es\/wp-json\/wp\/v2\/comments?post=1042"}],"version-history":[{"count":0,"href":"https:\/\/censusroadmap.org\/es\/wp-json\/wp\/v2\/pages\/1042\/revisions"}],"wp:attachment":[{"href":"https:\/\/censusroadmap.org\/es\/wp-json\/wp\/v2\/media?parent=1042"}],"curies":[{"name":"gracias","href":"https:\/\/api.w.org\/{rel}","templated":true}]}}