{"id":1100,"date":"2024-12-10T10:38:31","date_gmt":"2024-12-10T15:38:31","guid":{"rendered":"https:\/\/censusroadmap.org\/?page_id=1100"},"modified":"2025-01-17T21:11:01","modified_gmt":"2025-01-18T02:11:01","slug":"opportunities-for-input","status":"publish","type":"page","link":"https:\/\/censusroadmap.org\/es\/opportunities-for-input\/","title":{"rendered":"Oportunidades para aportar informaci\u00f3n"},"content":{"rendered":"<p><div class=\"fusion-fullwidth fullwidth-box fusion-builder-row-1 fusion-flex-container has-pattern-background has-mask-background nonhundred-percent-fullwidth non-hundred-percent-height-scrolling\" style=\"--awb-border-radius-top-left:0px;--awb-border-radius-top-right:0px;--awb-border-radius-bottom-right:0px;--awb-border-radius-bottom-left:0px;--awb-flex-wrap:wrap;\" ><div class=\"fusion-builder-row fusion-row fusion-flex-align-items-flex-start fusion-flex-content-wrap\" style=\"max-width:1248px;margin-left: calc(-4% \/ 2 );margin-right: calc(-4% \/ 2 );\"><div class=\"fusion-layout-column fusion_builder_column fusion-builder-column-0 fusion_builder_column_2_3 2_3 fusion-flex-column\" style=\"--awb-bg-size:cover;--awb-width-large:66.6666666667%;--awb-margin-top-large:0px;--awb-spacing-right-large:2.88%;--awb-margin-bottom-large:20px;--awb-spacing-left-large:2.88%;--awb-width-medium:66.6666666667%;--awb-order-medium:0;--awb-spacing-right-medium:2.88%;--awb-spacing-left-medium:2.88%;--awb-width-small:100%;--awb-order-small:0;--awb-spacing-right-small:1.92%;--awb-spacing-left-small:1.92%;\"><div class=\"fusion-column-wrapper fusion-column-has-shadow fusion-flex-justify-content-flex-start fusion-content-layout-column\"><div class=\"fusion-title title fusion-title-1 fusion-sep-none fusion-title-text fusion-title-size-one\" style=\"--awb-text-color:var(--awb-color5);--awb-margin-top-small:10px;--awb-margin-right-small:0px;--awb-margin-bottom-small:10px;--awb-margin-left-small:0px;\"><h1 class=\"fusion-title-heading title-heading-left\" style=\"margin:0;letter-spacing:-1px;\">\u00a1Comparte tu opini\u00f3n sobre la pol\u00edtica del censo!<\/h1><\/div><div class=\"fusion-text fusion-text-1\"><h4>A continuaci\u00f3n se presentan oportunidades actuales para compartir sus comentarios con la Oficina del Censo y otras agencias federales sobre temas que afectan la recopilaci\u00f3n de datos del censo.<\/h4>\n<h4>\u00bfQuiere obtener m\u00e1s informaci\u00f3n sobre estas oportunidades y c\u00f3mo nuestra coalici\u00f3n planea responder? <strong>\u00a1Env\u00edenos un correo electr\u00f3nico a information@censusroadmap.org!<\/strong><\/h4>\n<\/div><div class=\"fusion-title title fusion-title-2 fusion-sep-none fusion-title-text fusion-title-size-two\" style=\"--awb-text-color:var(--awb-color5);--awb-margin-top-small:10px;--awb-margin-right-small:0px;--awb-margin-bottom-small:10px;--awb-margin-left-small:0px;--awb-font-size:35px;\"><h2 class=\"fusion-title-heading title-heading-left\" style=\"margin:0;letter-spacing:-1px;font-size:1em;\"><h4>Oportunidades de entrada actuales<\/h4><\/h2><\/div><\/div><\/div><div class=\"fusion-layout-column fusion_builder_column fusion-builder-column-1 fusion_builder_column_1_3 1_3 fusion-flex-column bluesidebar\" style=\"--awb-padding-top:40px;--awb-padding-right:30px;--awb-padding-left:40px;--awb-overflow:hidden;--awb-bg-color:var(--awb-color4);--awb-bg-color-hover:var(--awb-color4);--awb-bg-size:cover;--awb-box-shadow:0px 20px 32px 0px hsla(var(--awb-color2-h),var(--awb-color2-s),calc( var(--awb-color2-l) - 89% ),calc( var(--awb-color2-a) - 87% ));;--awb-border-radius:60px 12px 60px 12px;--awb-width-large:33.3333333333%;--awb-margin-top-large:0px;--awb-spacing-right-large:5.76%;--awb-margin-bottom-large:20px;--awb-spacing-left-large:5.76%;--awb-width-medium:33.3333333333%;--awb-order-medium:0;--awb-spacing-right-medium:5.76%;--awb-spacing-left-medium:5.76%;--awb-width-small:100%;--awb-order-small:0;--awb-spacing-right-small:1.92%;--awb-spacing-left-small:1.92%;\" data-scroll-devices=\"small-visibility,medium-visibility,large-visibility\"><div class=\"fusion-column-wrapper fusion-column-has-shadow fusion-flex-justify-content-flex-start fusion-content-layout-column\"><div class=\"fusion-title title fusion-title-3 fusion-sep-none fusion-title-center fusion-title-text fusion-title-size-three\" style=\"--awb-text-color:var(--awb-color5);--awb-margin-top:25px;--awb-margin-bottom:0px;--awb-margin-top-small:10px;--awb-margin-right-small:0px;--awb-margin-bottom-small:10px;--awb-margin-left-small:0px;\"><h3 class=\"fusion-title-heading title-heading-center\" style=\"margin:0;letter-spacing:-1px;\">Todos los pr\u00f3ximos eventos y oportunidades<\/h3><\/div><div class=\"fusion-separator fusion-full-width-sep\" style=\"align-self: center;margin-left: auto;margin-right: auto;margin-top:3%;margin-bottom:6%;width:100%;\"><div class=\"fusion-separator-border sep-single sep-dotted\" style=\"--awb-height:20px;--awb-amount:20px;--awb-sep-color:var(--awb-color5);border-color:var(--awb-color5);border-top-width:3px;\"><\/div><\/div><\/div><\/div><div class=\"fusion-layout-column fusion_builder_column fusion-builder-column-2 fusion_builder_column_1_1 1_1 fusion-flex-column\" style=\"--awb-bg-size:cover;--awb-width-large:100%;--awb-margin-top-large:0px;--awb-spacing-right-large:1.92%;--awb-margin-bottom-large:20px;--awb-spacing-left-large:1.92%;--awb-width-medium:100%;--awb-order-medium:0;--awb-spacing-right-medium:1.92%;--awb-spacing-left-medium:1.92%;--awb-width-small:100%;--awb-order-small:0;--awb-spacing-right-small:1.92%;--awb-spacing-left-small:1.92%;\"><div class=\"fusion-column-wrapper fusion-column-has-shadow fusion-flex-justify-content-flex-start fusion-content-layout-column\"><div class=\"fusion-title title fusion-title-4 fusion-sep-none fusion-title-text fusion-title-size-two\" style=\"--awb-text-color:var(--awb-color5);--awb-margin-top-small:10px;--awb-margin-right-small:0px;--awb-margin-bottom-small:10px;--awb-margin-left-small:0px;--awb-font-size:35px;\"><h2 class=\"fusion-title-heading title-heading-left\" style=\"margin:0;letter-spacing:-1px;font-size:1em;\"><h4>FRN anteriores y cartas de comentarios<\/h4><\/h2><\/div><div class=\"fusion-events-shortcode fusion-events-shortcode-3 fusion-events-layout-left\" style=\"margin-left: -10px;margin-right: -10px;\"><div class=\"fusion-events-wrapper\" data-pages=\"3\"><div class=\"fusion-events-post fusion-spacing-no fusion-one-half fusion-layout-column\" style=\"padding:10px\"><div class=\"fusion-column-wrapper\"><div class=\"fusion-events-thumbnail hover-type-none\"><a href=\"https:\/\/censusroadmap.org\/es\/event\/input-opportunity-american-community-survey-methods-panel\/\" class=\"url\" rel=\"bookmark\" aria-label=\"Oportunidad de aportes: Panel de m\u00e9todos de encuesta sobre la comunidad estadounidense\"><img decoding=\"async\" width=\"832\" height=\"200\" src=\"https:\/\/censusroadmap.org\/wp-content\/uploads\/2024\/12\/open_graph_site_banner.png\" class=\"attachment-full size-full lazyload wp-post-image\" alt=\"\" srcset=\"data:image\/svg+xml,%3Csvg%20xmlns%3D%27http%3A%2F%2Fwww.w3.org%2F2000%2Fsvg%27%20width%3D%27832%27%20height%3D%27200%27%20viewBox%3D%270%200%20832%20200%27%3E%3Crect%20width%3D%27832%27%20height%3D%27200%27%20fill-opacity%3D%220%22%2F%3E%3C%2Fsvg%3E\" data-orig-src=\"https:\/\/censusroadmap.org\/wp-content\/uploads\/2024\/12\/open_graph_site_banner.png\" data-srcset=\"https:\/\/censusroadmap.org\/wp-content\/uploads\/2024\/12\/open_graph_site_banner-200x48.png 200w, https:\/\/censusroadmap.org\/wp-content\/uploads\/2024\/12\/open_graph_site_banner-400x96.png 400w, https:\/\/censusroadmap.org\/wp-content\/uploads\/2024\/12\/open_graph_site_banner-600x144.png 600w, https:\/\/censusroadmap.org\/wp-content\/uploads\/2024\/12\/open_graph_site_banner-800x192.png 800w, https:\/\/censusroadmap.org\/wp-content\/uploads\/2024\/12\/open_graph_site_banner.png 832w\" data-sizes=\"auto\" \/><\/a><\/div><div class=\"fusion-events-content-wrapper\" style=\"padding:20px 20px 20px 20px;\"><div class=\"fusion-events-meta\"><h2><a href=\"https:\/\/censusroadmap.org\/es\/event\/input-opportunity-american-community-survey-methods-panel\/\" class=\"url\" rel=\"bookmark\">Oportunidad de aportes: Panel de m\u00e9todos de encuesta sobre la comunidad estadounidense<\/a><\/h2><h4><span class=\"tribe-event-date-start\">23 de octubre de 2024<\/span> - <span class=\"tribe-event-date-end\">23 de diciembre de 2024<\/span><\/h4><\/div><\/div><\/div><\/div><div class=\"fusion-events-post fusion-spacing-no fusion-one-half fusion-layout-column fusion-column-last\" style=\"padding:10px\"><div class=\"fusion-column-wrapper\"><div class=\"fusion-events-thumbnail hover-type-none\"><a href=\"https:\/\/censusroadmap.org\/es\/event\/input-opportunity-group-quarters-advanced-contact-operation\/\" class=\"url\" rel=\"bookmark\" aria-label=\"Oportunidad de participaci\u00f3n: Operaci\u00f3n de contacto avanzado de alojamiento grupal\"><img decoding=\"async\" width=\"832\" height=\"200\" src=\"https:\/\/censusroadmap.org\/wp-content\/uploads\/2024\/12\/open_graph_site_banner.png\" class=\"attachment-full size-full lazyload wp-post-image\" alt=\"\" srcset=\"data:image\/svg+xml,%3Csvg%20xmlns%3D%27http%3A%2F%2Fwww.w3.org%2F2000%2Fsvg%27%20width%3D%27832%27%20height%3D%27200%27%20viewBox%3D%270%200%20832%20200%27%3E%3Crect%20width%3D%27832%27%20height%3D%27200%27%20fill-opacity%3D%220%22%2F%3E%3C%2Fsvg%3E\" data-orig-src=\"https:\/\/censusroadmap.org\/wp-content\/uploads\/2024\/12\/open_graph_site_banner.png\" data-srcset=\"https:\/\/censusroadmap.org\/wp-content\/uploads\/2024\/12\/open_graph_site_banner-200x48.png 200w, https:\/\/censusroadmap.org\/wp-content\/uploads\/2024\/12\/open_graph_site_banner-400x96.png 400w, https:\/\/censusroadmap.org\/wp-content\/uploads\/2024\/12\/open_graph_site_banner-600x144.png 600w, https:\/\/censusroadmap.org\/wp-content\/uploads\/2024\/12\/open_graph_site_banner-800x192.png 800w, https:\/\/censusroadmap.org\/wp-content\/uploads\/2024\/12\/open_graph_site_banner.png 832w\" data-sizes=\"auto\" \/><\/a><\/div><div class=\"fusion-events-content-wrapper\" style=\"padding:20px 20px 20px 20px;\"><div class=\"fusion-events-meta\"><h2><a href=\"https:\/\/censusroadmap.org\/es\/event\/input-opportunity-group-quarters-advanced-contact-operation\/\" class=\"url\" rel=\"bookmark\">Oportunidad de participaci\u00f3n: Operaci\u00f3n de contacto avanzado de alojamiento grupal<\/a><\/h2><h4><span class=\"tribe-event-date-start\">23 de octubre de 2024<\/span> - <span class=\"tribe-event-date-end\">23 de diciembre de 2024<\/span><\/h4><\/div><\/div><\/div><\/div><div class=\"fusion-clearfix\"><\/div><div class=\"fusion-events-post fusion-spacing-no fusion-one-half fusion-layout-column\" style=\"padding:10px\"><div class=\"fusion-column-wrapper\"><div class=\"fusion-events-thumbnail hover-type-none\"><a href=\"https:\/\/censusroadmap.org\/es\/event\/input-opportunity-renewed-clearance-for-american-community-survey-puerto-rico-community-survey\/\" class=\"url\" rel=\"bookmark\" aria-label=\"Oportunidad de participaci\u00f3n: renovaci\u00f3n de la autorizaci\u00f3n para la Encuesta sobre la comunidad estadounidense y la Encuesta sobre la comunidad de Puerto Rico\"><img decoding=\"async\" width=\"832\" height=\"200\" src=\"https:\/\/censusroadmap.org\/wp-content\/uploads\/2024\/12\/open_graph_site_banner.png\" class=\"attachment-full size-full lazyload wp-post-image\" alt=\"\" srcset=\"data:image\/svg+xml,%3Csvg%20xmlns%3D%27http%3A%2F%2Fwww.w3.org%2F2000%2Fsvg%27%20width%3D%27832%27%20height%3D%27200%27%20viewBox%3D%270%200%20832%20200%27%3E%3Crect%20width%3D%27832%27%20height%3D%27200%27%20fill-opacity%3D%220%22%2F%3E%3C%2Fsvg%3E\" data-orig-src=\"https:\/\/censusroadmap.org\/wp-content\/uploads\/2024\/12\/open_graph_site_banner.png\" data-srcset=\"https:\/\/censusroadmap.org\/wp-content\/uploads\/2024\/12\/open_graph_site_banner-200x48.png 200w, https:\/\/censusroadmap.org\/wp-content\/uploads\/2024\/12\/open_graph_site_banner-400x96.png 400w, https:\/\/censusroadmap.org\/wp-content\/uploads\/2024\/12\/open_graph_site_banner-600x144.png 600w, https:\/\/censusroadmap.org\/wp-content\/uploads\/2024\/12\/open_graph_site_banner-800x192.png 800w, https:\/\/censusroadmap.org\/wp-content\/uploads\/2024\/12\/open_graph_site_banner.png 832w\" data-sizes=\"auto\" \/><\/a><\/div><div class=\"fusion-events-content-wrapper\" style=\"padding:20px 20px 20px 20px;\"><div class=\"fusion-events-meta\"><h2><a href=\"https:\/\/censusroadmap.org\/es\/event\/input-opportunity-renewed-clearance-for-american-community-survey-puerto-rico-community-survey\/\" class=\"url\" rel=\"bookmark\">Oportunidad de participaci\u00f3n: renovaci\u00f3n de la autorizaci\u00f3n para la Encuesta sobre la comunidad estadounidense y la Encuesta sobre la comunidad de Puerto Rico<\/a><\/h2><h4><span class=\"tribe-event-date-start\">5 de noviembre de 2024<\/span> - <span class=\"tribe-event-date-end\">6 de enero de 2025<\/span><\/h4><\/div><\/div><\/div><\/div><div class=\"fusion-clearfix\"><\/div><\/div><\/div><\/div><\/div><\/div><\/div><div class=\"fusion-fullwidth fullwidth-box fusion-builder-row-2 fusion-flex-container nonhundred-percent-fullwidth non-hundred-percent-height-scrolling\" style=\"--awb-border-radius-top-left:0px;--awb-border-radius-top-right:0px;--awb-border-radius-bottom-right:0px;--awb-border-radius-bottom-left:0px;--awb-padding-top:6%;--awb-padding-bottom:6%;--awb-flex-wrap:wrap;\" ><div class=\"fusion-builder-row fusion-row fusion-flex-align-items-center fusion-flex-content-wrap\" style=\"max-width:1248px;margin-left: calc(-4% \/ 2 );margin-right: calc(-4% \/ 2 );\"><div class=\"fusion-layout-column fusion_builder_column fusion-builder-column-3 fusion_builder_column_1_2 1_2 fusion-flex-column fusion-flex-align-self-flex-start\" style=\"--awb-padding-right:77px;--awb-bg-size:cover;--awb-width-large:50%;--awb-margin-top-large:0px;--awb-spacing-right-large:3.84%;--awb-margin-bottom-large:20px;--awb-spacing-left-large:3.84%;--awb-width-medium:50%;--awb-order-medium:0;--awb-spacing-right-medium:3.84%;--awb-spacing-left-medium:3.84%;--awb-width-small:100%;--awb-order-small:0;--awb-spacing-right-small:1.92%;--awb-spacing-left-small:1.92%;\" data-scroll-devices=\"small-visibility,medium-visibility,large-visibility\"><div class=\"fusion-column-wrapper fusion-column-has-shadow fusion-flex-justify-content-flex-start fusion-content-layout-column\"><div class=\"fusion-title title fusion-title-5 fusion-sep-none fusion-title-text fusion-title-size-two\" style=\"--awb-margin-top-small:10px;--awb-margin-right-small:0px;--awb-margin-bottom-small:10px;--awb-margin-left-small:0px;--awb-font-size:35px;\"><h2 class=\"fusion-title-heading title-heading-left\" style=\"margin:0;letter-spacing:-1px;font-size:1em;\">Recursos<\/h2><\/div><div class=\"fusion-image-element\" style=\"--awb-margin-top:5px;--awb-margin-bottom:20px;--awb-max-width:70px;--awb-caption-title-font-family:var(--h2_typography-font-family);--awb-caption-title-font-weight:var(--h2_typography-font-weight);--awb-caption-title-font-style:var(--h2_typography-font-style);--awb-caption-title-size:var(--h2_typography-font-size);--awb-caption-title-transform:var(--h2_typography-text-transform);--awb-caption-title-line-height:var(--h2_typography-line-height);--awb-caption-title-letter-spacing:var(--h2_typography-letter-spacing);\"><span class=\"fusion-imageframe imageframe-none imageframe-1 hover-type-none\"><img decoding=\"async\" width=\"141\" height=\"30\" alt=\"slant-separator\" title=\"Separador\" src=\"data:image\/svg+xml,%3Csvg%20xmlns%3D%27http%3A%2F%2Fwww.w3.org%2F2000%2Fsvg%27%20width%3D%27141%27%20height%3D%2730%27%20viewBox%3D%270%200%20141%2030%27%3E%3Crect%20width%3D%27141%27%20height%3D%2730%27%20fill-opacity%3D%220%22%2F%3E%3C%2Fsvg%3E\" data-orig-src=\"https:\/\/roadmapcensus.wpengine.com\/wp-content\/uploads\/2020\/08\/slant-separator.png\" class=\"lazyload img-responsive wp-image-124\"\/><\/span><\/div><div ><a class=\"fusion-button button-flat button-medium button-default fusion-button-default button-1 fusion-button-default-span fusion-button-default-type\" style=\"--button_margin-top:2.5%;--button_margin-bottom:2.5%;\" target=\"_blank\" rel=\"noopener noreferrer\" href=\"https:\/\/censuscounts.org\/resources\/library\/\"><i class=\"fa-book-reader fas awb-button__icon awb-button__icon--default button-icon-left\" aria-hidden=\"true\"><\/i><span class=\"fusion-button-text awb-button__text awb-button__text--default\">Biblioteca completa de recuentos del censo<\/span><\/a><\/div><div ><a class=\"fusion-button button-flat button-medium button-default fusion-button-default button-2 fusion-button-default-span fusion-button-default-type\" style=\"--button_margin-top:2.5%;--button_margin-bottom:2.5%;\" target=\"_blank\" rel=\"noopener noreferrer\" href=\"https:\/\/censusroadmap.org\/wp-content\/uploads\/2024\/03\/Roadmap-to-the-2030-Census_Updated_2403.pdf\"><i class=\"fa-map-marked-alt fas awb-button__icon awb-button__icon--default button-icon-left\" aria-hidden=\"true\"><\/i><span class=\"fusion-button-text awb-button__text awb-button__text--default\">Descargar la hoja de ruta en PDF (ingl\u00e9s)<\/span><\/a><\/div><div ><a class=\"fusion-button button-flat button-medium button-default fusion-button-default button-3 fusion-button-default-span fusion-button-default-type\" style=\"--button_margin-top:2.5%;--button_margin-bottom:2.5%;\" target=\"_blank\" rel=\"noopener noreferrer\" href=\"\/wp-content\/uploads\/2023\/09\/Mapa-hacia-el-Censo-del-2030.pdf\"><i class=\"fa-map-marked-alt fas awb-button__icon awb-button__icon--default button-icon-left\" aria-hidden=\"true\"><\/i><span class=\"fusion-button-text awb-button__text awb-button__text--default\">Descargar Hoja de Ruta PDF (Espa\u00f1ol)<\/span><\/a><\/div><\/div><\/div><div class=\"fusion-layout-column fusion_builder_column fusion-builder-column-4 fusion_builder_column_1_2 1_2 fusion-flex-column\" style=\"--awb-padding-right:77px;--awb-bg-size:cover;--awb-width-large:50%;--awb-margin-top-large:0px;--awb-spacing-right-large:3.84%;--awb-margin-bottom-large:20px;--awb-spacing-left-large:3.84%;--awb-width-medium:50%;--awb-order-medium:0;--awb-spacing-right-medium:3.84%;--awb-spacing-left-medium:3.84%;--awb-width-small:100%;--awb-order-small:0;--awb-spacing-right-small:1.92%;--awb-spacing-left-small:1.92%;\"><div class=\"fusion-column-wrapper fusion-column-has-shadow fusion-flex-justify-content-flex-start fusion-content-layout-column\"><div class=\"fusion-title title fusion-title-6 fusion-sep-none fusion-title-text fusion-title-size-two\" style=\"--awb-margin-top-small:10px;--awb-margin-right-small:0px;--awb-margin-bottom-small:10px;--awb-margin-left-small:0px;--awb-font-size:35px;\"><h2 class=\"fusion-title-heading title-heading-left\" style=\"margin:0;letter-spacing:-1px;font-size:1em;\">Tomar acci\u00f3n<\/h2><\/div><div class=\"fusion-image-element\" style=\"--awb-margin-top:5px;--awb-margin-bottom:20px;--awb-max-width:70px;--awb-caption-title-font-family:var(--h2_typography-font-family);--awb-caption-title-font-weight:var(--h2_typography-font-weight);--awb-caption-title-font-style:var(--h2_typography-font-style);--awb-caption-title-size:var(--h2_typography-font-size);--awb-caption-title-transform:var(--h2_typography-text-transform);--awb-caption-title-line-height:var(--h2_typography-line-height);--awb-caption-title-letter-spacing:var(--h2_typography-letter-spacing);\"><span class=\"fusion-imageframe imageframe-none imageframe-2 hover-type-none\"><img decoding=\"async\" width=\"141\" height=\"30\" alt=\"slant-separator\" title=\"Separador\" src=\"data:image\/svg+xml,%3Csvg%20xmlns%3D%27http%3A%2F%2Fwww.w3.org%2F2000%2Fsvg%27%20width%3D%27141%27%20height%3D%2730%27%20viewBox%3D%270%200%20141%2030%27%3E%3Crect%20width%3D%27141%27%20height%3D%2730%27%20fill-opacity%3D%220%22%2F%3E%3C%2Fsvg%3E\" data-orig-src=\"https:\/\/roadmapcensus.wpengine.com\/wp-content\/uploads\/2020\/08\/slant-separator.png\" class=\"lazyload img-responsive wp-image-124\"\/><\/span><\/div><div class=\"fusion-text fusion-text-2\"><p>\u00danase al servidor de listas de States Count Action Network para recibir boletines informativos trimestrales, actualizaciones de pol\u00edticas, invitaciones a eventos y oportunidades de acci\u00f3n para defender y prepararse para el Censo 2030.<\/p>\n<\/div><div ><a class=\"fusion-button button-flat button-large button-default fusion-button-default button-4 fusion-button-default-span fusion-button-default-type\" style=\"--button_margin-top:2.5%;--button_margin-bottom:2.5%;\" target=\"_blank\" rel=\"noopener noreferrer\" href=\"https:\/\/docs.google.com\/forms\/d\/e\/1FAIpQLSe_BMwhjkVre-pwUam0w0RfF1brzN1ujdHNDU-KJLsUokNnTA\/viewform\"><i class=\"fa-edit fas awb-button__icon awb-button__icon--default button-icon-left\" aria-hidden=\"true\"><\/i><span class=\"fusion-button-text awb-button__text awb-button__text--default\">Reg\u00edstrate ahora<\/span><\/a><\/div><\/div><\/div><\/div><\/div><\/p>","protected":false},"excerpt":{"rendered":"","protected":false},"author":3,"featured_media":0,"parent":0,"menu_order":0,"comment_status":"closed","ping_status":"closed","template":"100-width.php","meta":{"footnotes":""},"class_list":["post-1100","page","type-page","status-publish","hentry","cat_opportunities-for-input"],"_links":{"self":[{"href":"https:\/\/censusroadmap.org\/es\/wp-json\/wp\/v2\/pages\/1100","targetHints":{"allow":["GET"]}}],"collection":[{"href":"https:\/\/censusroadmap.org\/es\/wp-json\/wp\/v2\/pages"}],"about":[{"href":"https:\/\/censusroadmap.org\/es\/wp-json\/wp\/v2\/types\/page"}],"author":[{"embeddable":true,"href":"https:\/\/censusroadmap.org\/es\/wp-json\/wp\/v2\/users\/3"}],"replies":[{"embeddable":true,"href":"https:\/\/censusroadmap.org\/es\/wp-json\/wp\/v2\/comments?post=1100"}],"version-history":[{"count":0,"href":"https:\/\/censusroadmap.org\/es\/wp-json\/wp\/v2\/pages\/1100\/revisions"}],"wp:attachment":[{"href":"https:\/\/censusroadmap.org\/es\/wp-json\/wp\/v2\/media?parent=1100"}],"curies":[{"name":"gracias","href":"https:\/\/api.w.org\/{rel}","templated":true}]}}