{"id":850,"date":"2023-11-15T18:02:40","date_gmt":"2023-11-15T18:02:40","guid":{"rendered":"https:\/\/roadmapcensus.wpengine.com\/?page_id=850"},"modified":"2023-12-06T16:22:13","modified_gmt":"2023-12-06T16:22:13","slug":"about","status":"publish","type":"page","link":"https:\/\/censusroadmap.org\/es\/about\/","title":{"rendered":"Acerca del Mapa"},"content":{"rendered":"<p><div class=\"fusion-fullwidth fullwidth-box fusion-builder-row-1 fusion-flex-container has-pattern-background has-mask-background nonhundred-percent-fullwidth non-hundred-percent-height-scrolling\" style=\"--awb-border-radius-top-left:0px;--awb-border-radius-top-right:0px;--awb-border-radius-bottom-right:0px;--awb-border-radius-bottom-left:0px;--awb-padding-top:60px;--awb-flex-wrap:wrap;\" ><div class=\"fusion-builder-row fusion-row fusion-flex-align-items-flex-start fusion-flex-content-wrap\" style=\"max-width:1248px;margin-left: calc(-4% \/ 2 );margin-right: calc(-4% \/ 2 );\"><div class=\"fusion-layout-column fusion_builder_column fusion-builder-column-0 fusion_builder_column_1_1 1_1 fusion-flex-column\" style=\"--awb-bg-size:cover;--awb-width-large:100%;--awb-margin-top-large:0px;--awb-spacing-right-large:1.92%;--awb-margin-bottom-large:20px;--awb-spacing-left-large:1.92%;--awb-width-medium:100%;--awb-order-medium:0;--awb-spacing-right-medium:1.92%;--awb-spacing-left-medium:1.92%;--awb-width-small:100%;--awb-order-small:0;--awb-spacing-right-small:1.92%;--awb-spacing-left-small:1.92%;\"><div class=\"fusion-column-wrapper fusion-column-has-shadow fusion-flex-justify-content-flex-start fusion-content-layout-column\"><div class=\"fusion-text fusion-text-1\"><p>Inspirado por el <a href=\"https:\/\/funderscommittee.org\/\" target=\"_blank\" rel=\"noopener\" data-saferedirecturl=\"https:\/\/www.google.com\/url?q=https:\/\/funderscommittee.org&amp;source=gmail&amp;ust=1700413537099000&amp;usg=AOvVaw3cLSJYoTYdaHyiS6vJTHJx\">Comit\u00e9 de Financiadores para la Participaci\u00f3n C\u00edvica<\/a> \u201cUn plan para la participaci\u00f3n filantr\u00f3pica en el censo\u201d, l\u00edderes de <a href=\"https:\/\/civilrights.org\/edfund\/\">El Fondo de Educaci\u00f3n de la Conferencia de Liderazgo<\/a> y <a href=\"https:\/\/censuscounts.org\/\" target=\"_blank\" rel=\"noopener\" data-saferedirecturl=\"https:\/\/www.google.com\/url?q=https:\/\/censuscounts.org&amp;source=gmail&amp;ust=1700413537099000&amp;usg=AOvVaw2-MdHFKpAVocPQM8mMVLAe\">Recuentos del censo<\/a> desarroll\u00f3 esta \u201cHoja de ruta hacia el Censo 2030\u201d. La Hoja de Ruta incluye ejemplos concretos de formas en que las organizaciones comunitarias y de defensa, los gobiernos estatales y locales y otros socios pueden participar en el trabajo del censo cada a\u00f1o hasta 2030.<\/p>\n<p>La pol\u00edtica colaborativa y el trabajo de promoci\u00f3n de todas las partes interesadas son la base de la Hoja de Ruta e incluye resultados cruciales tales como: garantizar una financiaci\u00f3n adecuada para la Oficina del Censo; abogar por cuestionarios actualizados (incluidas preguntas revisadas sobre raza\/etnicidad y preguntas sobre orientaci\u00f3n sexual e identidad de g\u00e9nero, o SOGI); evaluar las aportaciones sobre cambios operativos; y recomendaciones legislativas y de pol\u00edticas resultantes de las experiencias e implicaciones del Censo 2020.<\/p>\n<h4>Lecciones aprendidas del Censo 2020<\/h4>\n<p>Completar el Censo de 2020 fue dif\u00edcil debido a la pandemia de COVID-19 y las barreras institucionales. Durante el Censo de 2020, la campa\u00f1a Census Counts, alojada en The Leadership Conference Education Fund y copresidida en ese momento por NALEO y Asian Americans Advancing Justice | AAJC, reuni\u00f3 a organizaciones comunitarias a trav\u00e9s de un amplio espectro de esfuerzos de promoci\u00f3n y extensi\u00f3n para garantizar que las comunidades y grupos de poblaci\u00f3n hist\u00f3ricamente subcontados fueran enumerados en el Censo de 2020.<\/p>\n<p>En medio de los desaf\u00edos del Censo de 2020, creamos un movimiento y, con las lecciones de 2020 frescas en nuestras mentes, sabemos lo que se necesita para garantizar un Censo de 2030 exitoso. Al invertir nuestro tiempo ahora, podemos sentar una base s\u00f3lida para quienes trabajar\u00e1n para que nuestras comunidades sean contadas en 2030. Un censo justo y preciso en 2030 estar\u00e1 determinado por las acciones que tomemos hoy.<\/p>\n<p>Tenga en cuenta que el cronograma de cada a\u00f1o se basa en el despliegue de actividades de la Oficina del Censo y puede cambiar seg\u00fan la financiaci\u00f3n, las lecciones aprendidas o las modificaciones operativas. Esta hoja de ruta se lanz\u00f3 inicialmente en abril de 2022 y se actualiz\u00f3 en la primavera y el oto\u00f1o de 2023. Continuaremos actualizando la informaci\u00f3n anualmente (o con mayor frecuencia, si es necesario) a medida que la Oficina del Censo finalice el dise\u00f1o del Censo 2030, publique un plan operativo y anuncia planes para pruebas de campo y preparativos para el censo.<\/p>\n<h4>Acerca del Fondo Educativo de la Conferencia de Liderazgo<\/h4>\n<p style=\"font-weight: 400;\"><a href=\"https:\/\/civilrights.org\/edfund\/\" data-saferedirecturl=\"https:\/\/www.google.com\/url?q=https:\/\/civilrights.org\/edfund\/&amp;source=gmail&amp;ust=1700413537105000&amp;usg=AOvVaw0tfUiZu-jGcYqF3DwiaAVR\">El Fondo de Educaci\u00f3n de la Conferencia de Liderazgo<\/a> genera voluntad p\u00fablica para leyes y pol\u00edticas que promuevan y protejan los derechos civiles y humanos de todas las personas en los Estados Unidos. Las cuestiones centrales del derecho al voto, la equidad educativa y la reforma de la justicia est\u00e1n profundamente arraigadas en la historia de la organizaci\u00f3n y dentro de las comunidades representadas.<\/p>\n<h4>Acerca de los conteos del censo<\/h4>\n<p><a href=\"https:\/\/censuscounts.org\/\" target=\"_blank\" rel=\"noopener\" data-saferedirecturl=\"https:\/\/www.google.com\/url?q=https:\/\/censuscounts.org&amp;source=gmail&amp;ust=1700413537099000&amp;usg=AOvVaw2-MdHFKpAVocPQM8mMVLAe\">La campa\u00f1a El Censo Cuenta<\/a>, que se encuentra en The Leadership Conference Education Fund, re\u00fane a organizaciones comunitarias de un amplio espectro de defensa: derechos civiles, inmigrantes, LGBTQ, discapacidad, beb\u00e9s y ni\u00f1os, pobreza y falta de vivienda, organizaciones religiosas, trabajo, atenci\u00f3n m\u00e9dica, educaci\u00f3n, juventud y m\u00e1s. A trav\u00e9s de la educaci\u00f3n, la capacitaci\u00f3n, la organizaci\u00f3n y la divulgaci\u00f3n, estos organizadores y defensores est\u00e1n trabajando para garantizar que las comunidades que hist\u00f3ricamente no han sido incluidas en el censo sean contadas en el censo.<\/p>\n<\/div><\/div><\/div><\/div><\/div><div class=\"fusion-fullwidth fullwidth-box fusion-builder-row-2 fusion-flex-container nonhundred-percent-fullwidth non-hundred-percent-height-scrolling\" style=\"--awb-border-radius-top-left:0px;--awb-border-radius-top-right:0px;--awb-border-radius-bottom-right:0px;--awb-border-radius-bottom-left:0px;--awb-padding-top:6%;--awb-padding-bottom:6%;--awb-flex-wrap:wrap;\" ><div class=\"fusion-builder-row fusion-row fusion-flex-align-items-center fusion-flex-content-wrap\" style=\"max-width:1248px;margin-left: calc(-4% \/ 2 );margin-right: calc(-4% \/ 2 );\"><div class=\"fusion-layout-column fusion_builder_column fusion-builder-column-1 fusion_builder_column_1_2 1_2 fusion-flex-column\" style=\"--awb-padding-right:77px;--awb-bg-size:cover;--awb-width-large:50%;--awb-margin-top-large:0px;--awb-spacing-right-large:3.84%;--awb-margin-bottom-large:20px;--awb-spacing-left-large:3.84%;--awb-width-medium:50%;--awb-order-medium:0;--awb-spacing-right-medium:3.84%;--awb-spacing-left-medium:3.84%;--awb-width-small:100%;--awb-order-small:0;--awb-spacing-right-small:1.92%;--awb-spacing-left-small:1.92%;\"><div class=\"fusion-column-wrapper fusion-column-has-shadow fusion-flex-justify-content-flex-start fusion-content-layout-column\"><div class=\"fusion-title title fusion-title-1 fusion-sep-none fusion-title-text fusion-title-size-two\" style=\"--awb-margin-top-small:10px;--awb-margin-right-small:0px;--awb-margin-bottom-small:10px;--awb-margin-left-small:0px;--awb-font-size:35px;\"><h2 class=\"fusion-title-heading title-heading-left\" style=\"margin:0;letter-spacing:-1px;font-size:1em;\">C\u00f3mo mantenerse involucrado<\/h2><\/div><div class=\"fusion-image-element\" style=\"--awb-margin-top:5px;--awb-margin-bottom:20px;--awb-max-width:70px;--awb-caption-title-font-family:var(--h2_typography-font-family);--awb-caption-title-font-weight:var(--h2_typography-font-weight);--awb-caption-title-font-style:var(--h2_typography-font-style);--awb-caption-title-size:var(--h2_typography-font-size);--awb-caption-title-transform:var(--h2_typography-text-transform);--awb-caption-title-line-height:var(--h2_typography-line-height);--awb-caption-title-letter-spacing:var(--h2_typography-letter-spacing);\"><span class=\"fusion-imageframe imageframe-none imageframe-1 hover-type-none\"><img decoding=\"async\" width=\"141\" height=\"30\" alt=\"slant-separator\" title=\"Separador\" src=\"data:image\/svg+xml,%3Csvg%20xmlns%3D%27http%3A%2F%2Fwww.w3.org%2F2000%2Fsvg%27%20width%3D%27141%27%20height%3D%2730%27%20viewBox%3D%270%200%20141%2030%27%3E%3Crect%20width%3D%27141%27%20height%3D%2730%27%20fill-opacity%3D%220%22%2F%3E%3C%2Fsvg%3E\" data-orig-src=\"https:\/\/roadmapcensus.wpengine.com\/wp-content\/uploads\/2020\/08\/slant-separator.png\" class=\"lazyload img-responsive wp-image-124\"\/><\/span><\/div><div class=\"fusion-content-boxes content-boxes columns row fusion-columns-1 fusion-columns-total-2 fusion-content-boxes-1 content-boxes-timeline-vertical content-left content-boxes-timeline-layout content-boxes-icon-with-title fusion-delayed-animation\" style=\"--awb-hover-accent-color:var(--awb-color4);--awb-circle-hover-accent-color:var(--awb-color4);--awb-item-margin-bottom:40px;\" data-animation-delay=\"350\" data-animationoffset=\"top-into-view\"><div style=\"--awb-backgroundcolor:rgba(255,255,255,0);--awb-content-padding-left:64px;\" class=\"fusion-column content-box-column content-box-column content-box-column-1 col-lg-12 col-md-12 col-sm-12 fusion-content-box-hover content-box-column-last-in-row\"><div class=\"col content-box-wrapper content-wrapper link-area-link-icon link-type-text content-icon-wrapper-yes icon-hover-animation-fade fusion-animated\" data-animationtype=\"fadeIn\" data-animationduration=\"0.25\" data-animationoffset=\"top-into-view\"><div class=\"heading heading-with-icon icon-left\" style=\"margin-top:10px;\"><a class=\"heading-link\" href=\"https:\/\/docs.google.com\/forms\/d\/1MQtRFUID-6HaLg8nWTiI7_GGuOSAMI2OKNbW3zwXyTg\/viewform?edit_requested=true\" target=\"_blank\" rel=\"noopener noreferrer\"><div class=\"icon\" style=\"margin-top:-10px;margin-bottom:-10px;-webkit-animation-duration: 350ms;animation-duration: 350ms;\"><span style=\"height:42px;width:42px;line-height:22px;border-color:rgba(255,255,255,0);border-width:1px;border-style:solid;background-color:var(--awb-color8);margin-right:20px;box-sizing:content-box;border-radius:50%;\"><i style=\"border-color:var(--awb-color8);border-width:1px;background-color:var(--awb-color7);box-sizing:content-box;height:40px;width:40px;line-height:40px;border-radius:50%;position:relative;top:auto;left:auto;margin:0;border-radius:50%;font-size:20px;\" aria-hidden=\"true\" class=\"fontawesome-icon fa-project-diagram fas circle-yes\"><\/i><\/span><\/div><h2 class=\"content-box-heading\" style=\"--h2_typography-font-size:24px;line-height:29px;\">\u00danase a la Red de Acci\u00f3n de Conteo de Estados (S-CAN)<\/h2><\/a><\/div><div class=\"content-box-shortcode-timeline-vertical\" style=\"border-color:rgba(255,255,255,0);left:37px;top:22px;-webkit-transition-duration: 350ms;animation-duration: 350ms;\"><\/div><\/div><\/div><div style=\"--awb-backgroundcolor:rgba(255,255,255,0);--awb-content-padding-left:64px;\" class=\"fusion-column content-box-column content-box-column content-box-column-2 col-lg-12 col-md-12 col-sm-12 fusion-content-box-hover content-box-column-last content-box-column-last-in-row\"><div class=\"col content-box-wrapper content-wrapper link-area-link-icon content-icon-wrapper-yes icon-hover-animation-fade fusion-animated\" data-animationtype=\"fadeIn\" data-animationduration=\"0.25\" data-animationoffset=\"top-into-view\"><div class=\"heading heading-with-icon icon-left\" style=\"margin-top:10px;\"><div class=\"icon\" style=\"margin-top:-10px;margin-bottom:-10px;-webkit-animation-duration: 350ms;animation-duration: 350ms;\"><span style=\"height:42px;width:42px;line-height:22px;border-color:rgba(255,255,255,0);border-width:1px;border-style:solid;background-color:var(--awb-color8);margin-right:20px;box-sizing:content-box;border-radius:50%;\"><i style=\"border-color:var(--awb-color8);border-width:1px;background-color:var(--awb-color7);box-sizing:content-box;height:40px;width:40px;line-height:40px;border-radius:50%;position:relative;top:auto;left:auto;margin:0;border-radius:50%;font-size:20px;\" aria-hidden=\"true\" class=\"fontawesome-icon fa-bookmark fas circle-yes\"><\/i><\/span><\/div><h2 class=\"content-box-heading\" style=\"--h2_typography-font-size:24px;line-height:29px;\">Marque este sitio web como favorito y vis\u00edtelo con frecuencia<\/h2><\/div><div class=\"content-box-shortcode-timeline-vertical\" style=\"border-color:rgba(255,255,255,0);left:37px;top:22px;-webkit-transition-duration: 350ms;animation-duration: 350ms;\"><\/div><\/div><\/div><div class=\"fusion-clearfix\"><\/div><\/div><\/div><\/div><div class=\"fusion-layout-column fusion_builder_column fusion-builder-column-2 fusion_builder_column_1_2 1_2 fusion-flex-column fusion-flex-align-self-flex-start\" style=\"--awb-padding-right:77px;--awb-bg-size:cover;--awb-width-large:50%;--awb-margin-top-large:0px;--awb-spacing-right-large:3.84%;--awb-margin-bottom-large:20px;--awb-spacing-left-large:3.84%;--awb-width-medium:50%;--awb-order-medium:0;--awb-spacing-right-medium:3.84%;--awb-spacing-left-medium:3.84%;--awb-width-small:100%;--awb-order-small:0;--awb-spacing-right-small:1.92%;--awb-spacing-left-small:1.92%;\" data-scroll-devices=\"small-visibility,medium-visibility,large-visibility\"><div class=\"fusion-column-wrapper fusion-column-has-shadow fusion-flex-justify-content-flex-start fusion-content-layout-column\"><div class=\"fusion-title title fusion-title-2 fusion-sep-none fusion-title-text fusion-title-size-two\" style=\"--awb-margin-top-small:10px;--awb-margin-right-small:0px;--awb-margin-bottom-small:10px;--awb-margin-left-small:0px;--awb-font-size:35px;\"><h2 class=\"fusion-title-heading title-heading-left\" style=\"margin:0;letter-spacing:-1px;font-size:1em;\">Acerca de la comunidad de la hoja de ruta<\/h2><\/div><div class=\"fusion-image-element\" style=\"--awb-margin-top:5px;--awb-margin-bottom:20px;--awb-max-width:70px;--awb-caption-title-font-family:var(--h2_typography-font-family);--awb-caption-title-font-weight:var(--h2_typography-font-weight);--awb-caption-title-font-style:var(--h2_typography-font-style);--awb-caption-title-size:var(--h2_typography-font-size);--awb-caption-title-transform:var(--h2_typography-text-transform);--awb-caption-title-line-height:var(--h2_typography-line-height);--awb-caption-title-letter-spacing:var(--h2_typography-letter-spacing);\"><span class=\"fusion-imageframe imageframe-none imageframe-2 hover-type-none\"><img decoding=\"async\" width=\"141\" height=\"30\" alt=\"slant-separator\" title=\"Separador\" src=\"data:image\/svg+xml,%3Csvg%20xmlns%3D%27http%3A%2F%2Fwww.w3.org%2F2000%2Fsvg%27%20width%3D%27141%27%20height%3D%2730%27%20viewBox%3D%270%200%20141%2030%27%3E%3Crect%20width%3D%27141%27%20height%3D%2730%27%20fill-opacity%3D%220%22%2F%3E%3C%2Fsvg%3E\" data-orig-src=\"https:\/\/roadmapcensus.wpengine.com\/wp-content\/uploads\/2020\/08\/slant-separator.png\" class=\"lazyload img-responsive wp-image-124\"\/><\/span><\/div><div class=\"fusion-text fusion-text-2\"><p>Census Counts y The Leadership Conference Education Fund convocan peri\u00f3dicamente a una comunidad nacional de organizaciones y personas que comprenden las consecuencias cruciales de un conteo preciso y completo de todos los estadounidenses. Organizaciones comunitarias (CBO), comunidades de recuento completo, financiadores, organizaciones sin fines de lucro, con fines de lucro, formuladores de pol\u00edticas, empresas, entidades gubernamentales, cient\u00edficos de datos, defensores del voto y personas como usted componen la comunidad Roadmap. <strong>\u00a1\u00danete a nosotros!<\/strong><\/p>\n<\/div><\/div><\/div><\/div><\/div>\n<\/p>","protected":false},"excerpt":{"rendered":"","protected":false},"author":3,"featured_media":0,"parent":0,"menu_order":0,"comment_status":"closed","ping_status":"closed","template":"100-width.php","meta":{"footnotes":""},"class_list":["post-850","page","type-page","status-publish","hentry"],"_links":{"self":[{"href":"https:\/\/censusroadmap.org\/es\/wp-json\/wp\/v2\/pages\/850","targetHints":{"allow":["GET"]}}],"collection":[{"href":"https:\/\/censusroadmap.org\/es\/wp-json\/wp\/v2\/pages"}],"about":[{"href":"https:\/\/censusroadmap.org\/es\/wp-json\/wp\/v2\/types\/page"}],"author":[{"embeddable":true,"href":"https:\/\/censusroadmap.org\/es\/wp-json\/wp\/v2\/users\/3"}],"replies":[{"embeddable":true,"href":"https:\/\/censusroadmap.org\/es\/wp-json\/wp\/v2\/comments?post=850"}],"version-history":[{"count":0,"href":"https:\/\/censusroadmap.org\/es\/wp-json\/wp\/v2\/pages\/850\/revisions"}],"wp:attachment":[{"href":"https:\/\/censusroadmap.org\/es\/wp-json\/wp\/v2\/media?parent=850"}],"curies":[{"name":"gracias","href":"https:\/\/api.w.org\/{rel}","templated":true}]}}